{"id":3982,"date":"2022-07-18T11:36:30","date_gmt":"2022-07-18T11:36:30","guid":{"rendered":"https:\/\/www.savvy-telematics.com\/einsatzgebiete"},"modified":"2022-10-23T10:24:42","modified_gmt":"2022-10-23T10:24:42","slug":"industry-sector","status":"publish","type":"page","link":"https:\/\/www.savvy-telematics.com\/en\/industry-sector","title":{"rendered":"INDUSTRY SECTOR"},"content":{"rendered":"\n      <div id=\"block_61537d180d87b956166eb0ed40552aa9\" class=\"block-logo-list alignfull border-b border-color-gray-200 py-8 sm:pt-10 sm:pb-14 not-prose l-block\" >\n  \n  \n  \n\n\n<\/div>\n\n\n      <div id=\"block_d00933e37f7cf8dec19178c31bed4d27\" class=\"block-image-content alignfull py-10 sm:py-20 md:pt-29 md:pb-40 not-prose l-block\" >\n  \n  \n  <div class=\"l-wrap\">\n    <div class=\"grid sm:grid-cols-2 gap-6\">\n      <div class=\"cols order-2 sm:order-1 sm:pr-17\" data-aos=\"fade-right\" data-aos-duration=\"900\">\n        <div class=\"inline-block overflow-hidden\">\n          <noscript><img decoding=\"async\" width=\"640\" height=\"562\" src=\"https:\/\/www.savvy-telematics.com\/wp-content\/uploads\/2022\/08\/Mask-Group-205.jpg\" class=\"rounded-md\" alt=\"Telematik-Ger\u00e4t\" srcset=\"https:\/\/www.savvy-telematics.com\/wp-content\/uploads\/2022\/08\/Mask-Group-205.jpg 640w, https:\/\/www.savvy-telematics.com\/wp-content\/uploads\/2022\/08\/Mask-Group-205-300x263.jpg 300w\" sizes=\"(max-width: 640px) 100vw, 640px\"><\/noscript><img decoding=\"async\" width=\"640\" height=\"562\" src=\"data:image\/svg+xml,%3Csvg%20xmlns%3D%22http%3A%2F%2Fwww.w3.org%2F2000%2Fsvg%22%20viewBox%3D%220%200%20640%20562%22%3E%3C%2Fsvg%3E\" class=\"rounded-md lazyload\" alt=\"Telematik-Ger\u00e4t\" srcset=\"data:image\/svg+xml,%3Csvg%20xmlns%3D%22http%3A%2F%2Fwww.w3.org%2F2000%2Fsvg%22%20viewBox%3D%220%200%20640%20562%22%3E%3C%2Fsvg%3E 640w\" sizes=\"auto, (max-width: 640px) 100vw, 640px\" data-srcset=\"https:\/\/www.savvy-telematics.com\/wp-content\/uploads\/2022\/08\/Mask-Group-205.jpg 640w, https:\/\/www.savvy-telematics.com\/wp-content\/uploads\/2022\/08\/Mask-Group-205-300x263.jpg 300w\" data-src=\"https:\/\/www.savvy-telematics.com\/wp-content\/uploads\/2022\/08\/Mask-Group-205.jpg\" loading=\"lazy\">                  <\/div>\n      <\/div>\n      <div class=\"cols order-1 sm:order-2\" data-aos=\"fade-left\" data-aos-duration=\"900\">\n        \n\n      <h3 id=\"block_50438ff7eca9f4617dcdb36116b56888\" class=\"c-title c-title--small text-header not-prose text-left l-block\" >\n  \n  \n\nSAVVY\u00ae F\u00dcR DEN SCHIENENVERKEHR\n\n<\/h3>\n\n\n      <h2 id=\"block_5fa2ca9a9cb42e2ee7db751d27a69d2e\" class=\"c-title c-title--default text-gray-800 not-prose text-left l-block\" >\n  \n  \n\nAus Daten werden Informationen &#8211; Telematik-Ger\u00e4te und Software f\u00fcr <br \/>\r\n\n\n<\/h2>\n\n\n      <div id=\"block_66fc156d56a675cb0d8dc9713feb221d\" class=\"not-prose text-size-default text-base-txt l-block\" >\n  \n  \n\n<p>Die Anforderungen an <strong>Betrieb und Unterhalt von G\u00fcterwagen<\/strong> sind vielf\u00e4ltig und anspruchsvoll. Die \u00dcberwachung des Transportfortschritts im internationalen Verkehr, die Einhaltung von Sicherheits- und Wartungsvorschriften oder Maximierung der Wagenverf\u00fcgbarkeit sind grosse Herausforderungen.<\/p>\n<p>SAVVY\u00ae Telematic Systems bietet ein <strong>umfangreiches, modular aufgebautes<\/strong> Management System, bestehend aus mobilen <a href=\"#\">Telematik-Ger\u00e4ten<\/a> zur Datenerfassung und einer Internet-basierten Backend <a href=\"#\">Software<\/a> zur Optimierung aller relevanten Abl\u00e4ufe.<\/p>\n<p>Die Telematik-Ger\u00e4te sind <strong>speziell f\u00fcr den anspruchsvollen Bahnbetrieb<\/strong> entwickelt, erm\u00f6glichen \u00fcber 10 Jahre autonomen, wartungsfreien Betrieb und k\u00f6nnen problemlos aussen oder im Wageninnern montiert werden.<\/p>\n\n\n<\/div>\n\n      <\/div>\n    <\/div>\n  <\/div>\n\n<\/div>","protected":false},"excerpt":{"rendered":"","protected":false},"author":4,"featured_media":0,"parent":0,"menu_order":3,"comment_status":"closed","ping_status":"closed","template":"","meta":{"_acf_changed":false,"footnotes":""},"class_list":["post-3982","page","type-page","status-publish",""],"acf":[],"yoast_head":"<!-- This site is optimized with the Yoast SEO plugin v27.4 - https:\/\/yoast.com\/product\/yoast-seo-wordpress\/ -->\n<title>INDUSTRY SECTOR - SAVVY Telematic<\/title>\n<meta name=\"robots\" content=\"noindex, follow\" \/>\n<meta property=\"og:locale\" content=\"en_US\" \/>\n<meta property=\"og:type\" content=\"article\" \/>\n<meta property=\"og:title\" content=\"INDUSTRY SECTOR - SAVVY Telematic\" \/>\n<meta property=\"og:url\" content=\"https:\/\/www.savvy-telematics.com\/en\/industry-sector\" \/>\n<meta property=\"og:site_name\" content=\"SAVVY Telematic\" \/>\n<meta property=\"article:modified_time\" content=\"2022-10-23T10:24:42+00:00\" \/>\n<meta name=\"twitter:card\" content=\"summary_large_image\" \/>\n<script type=\"application\/ld+json\" class=\"yoast-schema-graph\">{\"@context\":\"https:\\\/\\\/schema.org\",\"@graph\":[{\"@type\":\"WebPage\",\"@id\":\"https:\\\/\\\/www.savvy-telematics.com\\\/en\\\/industry-sector\",\"url\":\"https:\\\/\\\/www.savvy-telematics.com\\\/en\\\/industry-sector\",\"name\":\"INDUSTRY SECTOR - SAVVY Telematic\",\"isPartOf\":{\"@id\":\"https:\\\/\\\/www.savvy-telematics.com\\\/en#website\"},\"datePublished\":\"2022-07-18T11:36:30+00:00\",\"dateModified\":\"2022-10-23T10:24:42+00:00\",\"breadcrumb\":{\"@id\":\"https:\\\/\\\/www.savvy-telematics.com\\\/en\\\/industry-sector#breadcrumb\"},\"inLanguage\":\"en-US\",\"potentialAction\":[{\"@type\":\"ReadAction\",\"target\":[\"https:\\\/\\\/www.savvy-telematics.com\\\/en\\\/industry-sector\"]}]},{\"@type\":\"BreadcrumbList\",\"@id\":\"https:\\\/\\\/www.savvy-telematics.com\\\/en\\\/industry-sector#breadcrumb\",\"itemListElement\":[{\"@type\":\"ListItem\",\"position\":1,\"name\":\"Home\",\"item\":\"https:\\\/\\\/www.savvy-telematics.com\\\/en\"},{\"@type\":\"ListItem\",\"position\":2,\"name\":\"INDUSTRY SECTOR\"}]},{\"@type\":\"WebSite\",\"@id\":\"https:\\\/\\\/www.savvy-telematics.com\\\/en#website\",\"url\":\"https:\\\/\\\/www.savvy-telematics.com\\\/en\",\"name\":\"SAVVY Telematic\",\"description\":\"IIOT AND BIG DATA FOR SUSTAINABLE SUPPLY CHAIN!\",\"potentialAction\":[{\"@type\":\"SearchAction\",\"target\":{\"@type\":\"EntryPoint\",\"urlTemplate\":\"https:\\\/\\\/www.savvy-telematics.com\\\/en?s={search_term_string}\"},\"query-input\":{\"@type\":\"PropertyValueSpecification\",\"valueRequired\":true,\"valueName\":\"search_term_string\"}}],\"inLanguage\":\"en-US\"}]}<\/script>\n<!-- \/ Yoast SEO plugin. -->","yoast_head_json":{"title":"INDUSTRY SECTOR - SAVVY Telematic","robots":{"index":"noindex","follow":"follow"},"og_locale":"en_US","og_type":"article","og_title":"INDUSTRY SECTOR - SAVVY Telematic","og_url":"https:\/\/www.savvy-telematics.com\/en\/industry-sector","og_site_name":"SAVVY Telematic","article_modified_time":"2022-10-23T10:24:42+00:00","twitter_card":"summary_large_image","schema":{"@context":"https:\/\/schema.org","@graph":[{"@type":"WebPage","@id":"https:\/\/www.savvy-telematics.com\/en\/industry-sector","url":"https:\/\/www.savvy-telematics.com\/en\/industry-sector","name":"INDUSTRY SECTOR - SAVVY Telematic","isPartOf":{"@id":"https:\/\/www.savvy-telematics.com\/en#website"},"datePublished":"2022-07-18T11:36:30+00:00","dateModified":"2022-10-23T10:24:42+00:00","breadcrumb":{"@id":"https:\/\/www.savvy-telematics.com\/en\/industry-sector#breadcrumb"},"inLanguage":"en-US","potentialAction":[{"@type":"ReadAction","target":["https:\/\/www.savvy-telematics.com\/en\/industry-sector"]}]},{"@type":"BreadcrumbList","@id":"https:\/\/www.savvy-telematics.com\/en\/industry-sector#breadcrumb","itemListElement":[{"@type":"ListItem","position":1,"name":"Home","item":"https:\/\/www.savvy-telematics.com\/en"},{"@type":"ListItem","position":2,"name":"INDUSTRY SECTOR"}]},{"@type":"WebSite","@id":"https:\/\/www.savvy-telematics.com\/en#website","url":"https:\/\/www.savvy-telematics.com\/en","name":"SAVVY Telematic","description":"IIOT AND BIG DATA FOR SUSTAINABLE SUPPLY CHAIN!","potentialAction":[{"@type":"SearchAction","target":{"@type":"EntryPoint","urlTemplate":"https:\/\/www.savvy-telematics.com\/en?s={search_term_string}"},"query-input":{"@type":"PropertyValueSpecification","valueRequired":true,"valueName":"search_term_string"}}],"inLanguage":"en-US"}]}},"_links":{"self":[{"href":"https:\/\/www.savvy-telematics.com\/en\/wp-json\/wp\/v2\/pages\/3982","targetHints":{"allow":["GET"]}}],"collection":[{"href":"https:\/\/www.savvy-telematics.com\/en\/wp-json\/wp\/v2\/pages"}],"about":[{"href":"https:\/\/www.savvy-telematics.com\/en\/wp-json\/wp\/v2\/types\/page"}],"author":[{"embeddable":true,"href":"https:\/\/www.savvy-telematics.com\/en\/wp-json\/wp\/v2\/users\/4"}],"replies":[{"embeddable":true,"href":"https:\/\/www.savvy-telematics.com\/en\/wp-json\/wp\/v2\/comments?post=3982"}],"version-history":[{"count":4,"href":"https:\/\/www.savvy-telematics.com\/en\/wp-json\/wp\/v2\/pages\/3982\/revisions"}],"predecessor-version":[{"id":4094,"href":"https:\/\/www.savvy-telematics.com\/en\/wp-json\/wp\/v2\/pages\/3982\/revisions\/4094"}],"wp:attachment":[{"href":"https:\/\/www.savvy-telematics.com\/en\/wp-json\/wp\/v2\/media?parent=3982"}],"curies":[{"name":"wp","href":"https:\/\/api.w.org\/{rel}","templated":true}]}}